{"id":2072,"date":"2024-01-02T11:50:16","date_gmt":"2024-01-02T11:50:16","guid":{"rendered":"https:\/\/nen.health\/contact\/"},"modified":"2024-01-19T09:40:56","modified_gmt":"2024-01-19T09:40:56","slug":"contacto","status":"publish","type":"page","link":"https:\/\/nen.health\/es\/contacto\/","title":{"rendered":"Contacto"},"content":{"rendered":"\t\t<div data-elementor-type=\"wp-page\" data-elementor-id=\"2072\" class=\"elementor elementor-2072 elementor-1732\" data-elementor-post-type=\"page\">\n\t\t\t\t\t\t<section class=\"elementor-section elementor-top-section elementor-element elementor-element-177e83c form-row elementor-section-height-min-height elementor-section-full_width elementor-section-height-default elementor-section-items-middle\" data-id=\"177e83c\" data-element_type=\"section\" id=\"contact\" data-settings=\"{&quot;background_background&quot;:&quot;classic&quot;}\">\n\t\t\t\t\t\t\t<div class=\"elementor-background-overlay\"><\/div>\n\t\t\t\t\t\t\t<div class=\"elementor-container elementor-column-gap-default\">\n\t\t\t\t\t<div class=\"elementor-column elementor-col-100 elementor-top-column elementor-element elementor-element-b48e0ca\" data-id=\"b48e0ca\" data-element_type=\"column\">\n\t\t\t<div class=\"elementor-widget-wrap elementor-element-populated\">\n\t\t\t\t\t\t<section class=\"elementor-section elementor-inner-section elementor-element elementor-element-b05885b elementor-section-boxed elementor-section-height-default elementor-section-height-default\" data-id=\"b05885b\" data-element_type=\"section\">\n\t\t\t\t\t\t<div class=\"elementor-container elementor-column-gap-default\">\n\t\t\t\t\t<div class=\"elementor-column elementor-col-100 elementor-inner-column elementor-element elementor-element-365229c\" data-id=\"365229c\" data-element_type=\"column\">\n\t\t\t<div class=\"elementor-widget-wrap elementor-element-populated\">\n\t\t\t\t\t\t<div class=\"elementor-element elementor-element-113f581 elementor-widget elementor-widget-spacer\" data-id=\"113f581\" data-element_type=\"widget\" data-widget_type=\"spacer.default\">\n\t\t\t\t<div class=\"elementor-widget-container\">\n\t\t\t\t\t\t\t<div class=\"elementor-spacer\">\n\t\t\t<div class=\"elementor-spacer-inner\"><\/div>\n\t\t<\/div>\n\t\t\t\t\t\t<\/div>\n\t\t\t\t<\/div>\n\t\t\t\t\t<\/div>\n\t\t<\/div>\n\t\t\t\t\t<\/div>\n\t\t<\/section>\n\t\t\t\t<section class=\"elementor-section elementor-inner-section elementor-element elementor-element-2e9d816 elementor-section-boxed elementor-section-height-default elementor-section-height-default\" data-id=\"2e9d816\" data-element_type=\"section\">\n\t\t\t\t\t\t<div class=\"elementor-container elementor-column-gap-default\">\n\t\t\t\t\t<div class=\"elementor-column elementor-col-100 elementor-inner-column elementor-element elementor-element-4654dee\" data-id=\"4654dee\" data-element_type=\"column\">\n\t\t\t<div class=\"elementor-widget-wrap elementor-element-populated\">\n\t\t\t\t\t\t<div class=\"elementor-element elementor-element-bcc721a elementor-widget elementor-widget-heading\" data-id=\"bcc721a\" data-element_type=\"widget\" data-widget_type=\"heading.default\">\n\t\t\t\t<div class=\"elementor-widget-container\">\n\t\t\t\t\t<h2 class=\"elementor-heading-title elementor-size-default\">\u00a1Nos encantar\u00eda saber m\u00e1s de ti!<\/h2>\t\t\t\t<\/div>\n\t\t\t\t<\/div>\n\t\t\t\t\t<\/div>\n\t\t<\/div>\n\t\t\t\t\t<\/div>\n\t\t<\/section>\n\t\t\t\t<section class=\"elementor-section elementor-inner-section elementor-element elementor-element-4941d6e elementor-section-boxed elementor-section-height-default elementor-section-height-default\" data-id=\"4941d6e\" data-element_type=\"section\">\n\t\t\t\t\t\t<div class=\"elementor-container elementor-column-gap-default\">\n\t\t\t\t\t<div class=\"elementor-column elementor-col-100 elementor-inner-column elementor-element elementor-element-271bf8f\" data-id=\"271bf8f\" data-element_type=\"column\">\n\t\t\t<div class=\"elementor-widget-wrap elementor-element-populated\">\n\t\t\t\t\t\t<div class=\"elementor-element elementor-element-5e30ed6 elementor-widget elementor-widget-spacer\" data-id=\"5e30ed6\" data-element_type=\"widget\" data-widget_type=\"spacer.default\">\n\t\t\t\t<div class=\"elementor-widget-container\">\n\t\t\t\t\t\t\t<div class=\"elementor-spacer\">\n\t\t\t<div class=\"elementor-spacer-inner\"><\/div>\n\t\t<\/div>\n\t\t\t\t\t\t<\/div>\n\t\t\t\t<\/div>\n\t\t\t\t\t<\/div>\n\t\t<\/div>\n\t\t\t\t\t<\/div>\n\t\t<\/section>\n\t\t\t\t<section class=\"elementor-section elementor-inner-section elementor-element elementor-element-f5267c0 elementor-section-full_width elementor-section-height-default elementor-section-height-default\" data-id=\"f5267c0\" data-element_type=\"section\">\n\t\t\t\t\t\t<div class=\"elementor-container elementor-column-gap-default\">\n\t\t\t\t\t<div class=\"elementor-column elementor-col-50 elementor-inner-column elementor-element elementor-element-357cce2\" data-id=\"357cce2\" data-element_type=\"column\">\n\t\t\t<div class=\"elementor-widget-wrap elementor-element-populated\">\n\t\t\t\t\t\t<section class=\"elementor-section elementor-inner-section elementor-element elementor-element-63402ff col-aux-izq elementor-section-boxed elementor-section-height-default elementor-section-height-default\" data-id=\"63402ff\" data-element_type=\"section\">\n\t\t\t\t\t\t<div class=\"elementor-container elementor-column-gap-default\">\n\t\t\t\t\t<div class=\"elementor-column elementor-col-100 elementor-inner-column elementor-element elementor-element-6422cbb\" data-id=\"6422cbb\" data-element_type=\"column\">\n\t\t\t<div class=\"elementor-widget-wrap elementor-element-populated\">\n\t\t\t\t\t\t<div class=\"elementor-element elementor-element-080170f elementor-widget elementor-widget-spacer\" data-id=\"080170f\" data-element_type=\"widget\" data-widget_type=\"spacer.default\">\n\t\t\t\t<div class=\"elementor-widget-container\">\n\t\t\t\t\t\t\t<div class=\"elementor-spacer\">\n\t\t\t<div class=\"elementor-spacer-inner\"><\/div>\n\t\t<\/div>\n\t\t\t\t\t\t<\/div>\n\t\t\t\t<\/div>\n\t\t\t\t<div class=\"elementor-element elementor-element-f64ca05 elementor-widget elementor-widget-text-editor\" data-id=\"f64ca05\" data-element_type=\"widget\" data-widget_type=\"text-editor.default\">\n\t\t\t\t<div class=\"elementor-widget-container\">\n\t\t\t\t\t\t\t\t\t<p>Si quieres obtener m\u00e1s informaci\u00f3n sobre nuestros productos y oportunidades para participar en investigaciones cl\u00ednicas, o tienes inter\u00e9s en una posible asociaci\u00f3n o colaboraci\u00f3n, env\u00edanos un mensaje mediante el siguiente formulario y nos pondremos en contacto contigo.<\/p>\t\t\t\t\t\t\t\t<\/div>\n\t\t\t\t<\/div>\n\t\t\t\t<div class=\"elementor-element elementor-element-e36eb77 elementor-widget elementor-widget-spacer\" data-id=\"e36eb77\" data-element_type=\"widget\" data-widget_type=\"spacer.default\">\n\t\t\t\t<div class=\"elementor-widget-container\">\n\t\t\t\t\t\t\t<div class=\"elementor-spacer\">\n\t\t\t<div class=\"elementor-spacer-inner\"><\/div>\n\t\t<\/div>\n\t\t\t\t\t\t<\/div>\n\t\t\t\t<\/div>\n\t\t\t\t\t<\/div>\n\t\t<\/div>\n\t\t\t\t\t<\/div>\n\t\t<\/section>\n\t\t\t\t<section class=\"elementor-section elementor-inner-section elementor-element elementor-element-06f0ee0 elementor-section-full_width elementor-section-height-default elementor-section-height-default\" data-id=\"06f0ee0\" data-element_type=\"section\">\n\t\t\t\t\t\t<div class=\"elementor-container elementor-column-gap-default\">\n\t\t\t\t\t<div class=\"elementor-column elementor-col-100 elementor-inner-column elementor-element elementor-element-6aeb0c2\" data-id=\"6aeb0c2\" data-element_type=\"column\">\n\t\t\t<div class=\"elementor-widget-wrap elementor-element-populated\">\n\t\t\t\t\t\t<div class=\"elementor-element elementor-element-0dfb8cf elementor-hidden-mobile nube-contacto elementor-widget elementor-widget-image\" data-id=\"0dfb8cf\" data-element_type=\"widget\" data-widget_type=\"image.default\">\n\t\t\t\t<div class=\"elementor-widget-container\">\n\t\t\t\t\t\t\t\t\t\t\t\t\t\t\t<img fetchpriority=\"high\" decoding=\"async\" width=\"602\" height=\"421\" src=\"https:\/\/nen.health\/wp-content\/uploads\/2024\/01\/nube-1.png\" class=\"attachment-large size-large wp-image-1778\" alt=\"\" srcset=\"https:\/\/nen.health\/wp-content\/uploads\/2024\/01\/nube-1.png 602w, https:\/\/nen.health\/wp-content\/uploads\/2024\/01\/nube-1-300x210.png 300w\" sizes=\"(max-width: 602px) 100vw, 602px\" \/>\t\t\t\t\t\t\t\t\t\t\t\t\t\t\t<\/div>\n\t\t\t\t<\/div>\n\t\t\t\t\t<\/div>\n\t\t<\/div>\n\t\t\t\t\t<\/div>\n\t\t<\/section>\n\t\t\t\t\t<\/div>\n\t\t<\/div>\n\t\t\t\t<div class=\"elementor-column elementor-col-50 elementor-inner-column elementor-element elementor-element-646d354 col-derecha-formulario\" data-id=\"646d354\" data-element_type=\"column\">\n\t\t\t<div class=\"elementor-widget-wrap elementor-element-populated\">\n\t\t\t\t\t\t<section class=\"elementor-section elementor-inner-section elementor-element elementor-element-e167a78 col-aux-der elementor-section-boxed elementor-section-height-default elementor-section-height-default\" data-id=\"e167a78\" data-element_type=\"section\">\n\t\t\t\t\t\t<div class=\"elementor-container elementor-column-gap-default\">\n\t\t\t\t\t<div class=\"elementor-column elementor-col-100 elementor-inner-column elementor-element elementor-element-e6a06ef\" data-id=\"e6a06ef\" data-element_type=\"column\">\n\t\t\t<div class=\"elementor-widget-wrap elementor-element-populated\">\n\t\t\t\t\t\t<div class=\"elementor-element elementor-element-35f7a31 elementor-widget elementor-widget-html\" data-id=\"35f7a31\" data-element_type=\"widget\" data-widget_type=\"html.default\">\n\t\t\t\t<div class=\"elementor-widget-container\">\n\t\t\t\t\t\n<div class=\"wpforms-container wpforms-container-full formulario-container formulario-container-extra\" id=\"wpforms-1046\"><form id=\"wpforms-form-1046\" class=\"wpforms-validate wpforms-form wpforms-ajax-form\" data-formid=\"1046\" method=\"post\" enctype=\"multipart\/form-data\" action=\"\/es\/wp-json\/wp\/v2\/pages\/2072\" data-token=\"250455251d43ab2805f32fde1996ea7e\"><noscript class=\"wpforms-error-noscript\">Por favor, activa JavaScript en tu navegador para completar este formulario.<\/noscript><div class=\"wpforms-field-container\"><div id=\"wpforms-1046-field_1-container\" class=\"wpforms-field wpforms-field-name\" data-field-id=\"1\"><label class=\"wpforms-field-label\" for=\"wpforms-1046-field_1\">Nombre <span class=\"wpforms-required-label\">*<\/span><\/label><input type=\"text\" id=\"wpforms-1046-field_1\" class=\"wpforms-field-large wpforms-field-required\" name=\"wpforms[fields][1]\" placeholder=\"Tu Nombre\" required><\/div><div id=\"wpforms-1046-field_2-container\" class=\"wpforms-field wpforms-field-email\" data-field-id=\"2\"><label class=\"wpforms-field-label\" for=\"wpforms-1046-field_2\">Email <span class=\"wpforms-required-label\">*<\/span><\/label><input type=\"email\" id=\"wpforms-1046-field_2\" class=\"wpforms-field-large wpforms-field-required\" name=\"wpforms[fields][2]\" placeholder=\"Tu Email\" spellcheck=\"false\" required><\/div><div id=\"wpforms-1046-field_3-container\" class=\"wpforms-field wpforms-field-text\" data-field-id=\"3\"><label class=\"wpforms-field-label\" for=\"wpforms-1046-field_3\">Tema<\/label><input type=\"text\" id=\"wpforms-1046-field_3\" class=\"wpforms-field-large\" name=\"wpforms[fields][3]\" placeholder=\"Tema\" ><\/div><div id=\"wpforms-1046-field_4-container\" class=\"wpforms-field wpforms-field-textarea\" data-field-id=\"4\"><label class=\"wpforms-field-label\" for=\"wpforms-1046-field_4\">Mensaje <span class=\"wpforms-required-label\">*<\/span><\/label><textarea id=\"wpforms-1046-field_4\" class=\"wpforms-field-medium wpforms-field-required\" name=\"wpforms[fields][4]\" placeholder=\"Tu mensaje...\" required><\/textarea><\/div><div id=\"wpforms-1046-field_5-container\" class=\"wpforms-field wpforms-field-checkbox wpforms-list-inline\" data-field-id=\"5\"><ul id=\"wpforms-1046-field_5\" class=\"wpforms-field-required\"><li class=\"choice-1 depth-1\"><input type=\"checkbox\" id=\"wpforms-1046-field_5_1\" name=\"wpforms[fields][5][]\" value=\"Al enviar este formulario, usted acepta que nen procesemos sus datos o informaci\u00f3n personal de acuerdo con nuestra &lt;a href=&quot;https:\/\/nen.health\/es\/politica-de-privacidad\/&quot; target=&quot;_blank&quot;&gt;pol\u00edtica de privacidad&lt;\/a&gt; y acepta los &lt;a href=&quot;https:\/\/nen.health\/es\/terminos-de-uso\/&quot; target=&quot;_blank&quot;&gt;t\u00e9rminos de uso&lt;\/a&gt; de nuestra web.\" required ><label class=\"wpforms-field-label-inline\" for=\"wpforms-1046-field_5_1\">Al enviar este formulario, usted acepta que nen procesemos sus datos o informaci\u00f3n personal de acuerdo con nuestra <a href=\"https:\/\/nen.health\/es\/politica-de-privacidad\/\" target=\"_blank\">pol\u00edtica de privacidad<\/a> y acepta los <a href=\"https:\/\/nen.health\/es\/terminos-de-uso\/\" target=\"_blank\">t\u00e9rminos de uso<\/a> de nuestra web.<\/label><\/li><\/ul><\/div><\/div><!-- .wpforms-field-container --><div class=\"wpforms-recaptcha-container wpforms-is-recaptcha wpforms-is-recaptcha-type-v3\" ><input type=\"hidden\" name=\"wpforms[recaptcha]\" value=\"\"><\/div><div class=\"wpforms-submit-container\" ><input type=\"hidden\" name=\"wpforms[id]\" value=\"1046\"><input type=\"hidden\" name=\"wpforms[author]\" value=\"2\"><button type=\"submit\" name=\"wpforms[submit]\" id=\"wpforms-submit-1046\" class=\"wpforms-submit\" data-alt-text=\"Enviando...\" data-submit-text=\"Enviar\" aria-live=\"assertive\" value=\"wpforms-submit\">Enviar<\/button><img decoding=\"async\" src=\"https:\/\/nen.health\/wp-content\/plugins\/wpforms\/assets\/images\/submit-spin.svg\" class=\"wpforms-submit-spinner\" style=\"display: none;\" width=\"26\" height=\"26\" alt=\"Cargando\"><\/div><\/form><\/div>  <!-- .wpforms-container -->\t\t\t\t<\/div>\n\t\t\t\t<\/div>\n\t\t\t\t\t<\/div>\n\t\t<\/div>\n\t\t\t\t\t<\/div>\n\t\t<\/section>\n\t\t\t\t<section class=\"elementor-section elementor-inner-section elementor-element elementor-element-d03d895 elementor-section-boxed elementor-section-height-default elementor-section-height-default\" data-id=\"d03d895\" data-element_type=\"section\">\n\t\t\t\t\t\t<div class=\"elementor-container elementor-column-gap-default\">\n\t\t\t\t\t<div class=\"elementor-column elementor-col-100 elementor-inner-column elementor-element elementor-element-11f2b41\" data-id=\"11f2b41\" data-element_type=\"column\">\n\t\t\t<div class=\"elementor-widget-wrap elementor-element-populated\">\n\t\t\t\t\t\t<div class=\"elementor-element elementor-element-13484ba elementor-widget elementor-widget-spacer\" data-id=\"13484ba\" data-element_type=\"widget\" data-widget_type=\"spacer.default\">\n\t\t\t\t<div class=\"elementor-widget-container\">\n\t\t\t\t\t\t\t<div class=\"elementor-spacer\">\n\t\t\t<div class=\"elementor-spacer-inner\"><\/div>\n\t\t<\/div>\n\t\t\t\t\t\t<\/div>\n\t\t\t\t<\/div>\n\t\t\t\t\t<\/div>\n\t\t<\/div>\n\t\t\t\t\t<\/div>\n\t\t<\/section>\n\t\t\t\t\t<\/div>\n\t\t<\/div>\n\t\t\t\t\t<\/div>\n\t\t<\/section>\n\t\t\t\t\t<\/div>\n\t\t<\/div>\n\t\t\t\t\t<\/div>\n\t\t<\/section>\n\t\t\t\t<\/div>\n\t\t","protected":false},"excerpt":{"rendered":"<p>\u00a1Nos encantar\u00eda saber m\u00e1s de ti! Si quieres obtener m\u00e1s informaci\u00f3n sobre nuestros productos y oportunidades para participar en investigaciones cl\u00ednicas, o tienes inter\u00e9s en una posible asociaci\u00f3n o colaboraci\u00f3n, env\u00edanos un mensaje mediante el siguiente formulario y nos pondremos en contacto contigo.<\/p>\n","protected":false},"author":2,"featured_media":0,"parent":0,"menu_order":0,"comment_status":"closed","ping_status":"closed","template":"","meta":{"site-sidebar-layout":"no-sidebar","site-content-layout":"page-builder","ast-site-content-layout":"full-width-container","site-content-style":"unboxed","site-sidebar-style":"unboxed","ast-global-header-display":"","ast-banner-title-visibility":"","ast-main-header-display":"","ast-hfb-above-header-display":"","ast-hfb-below-header-display":"","ast-hfb-mobile-header-display":"","site-post-title":"disabled","ast-breadcrumbs-content":"","ast-featured-img":"disabled","footer-sml-layout":"","theme-transparent-header-meta":"default","adv-header-id-meta":"","stick-header-meta":"","header-above-stick-meta":"","header-main-stick-meta":"","header-below-stick-meta":"","astra-migrate-meta-layouts":"set","ast-page-background-enabled":"default","ast-page-background-meta":{"desktop":{"background-color":"var(--ast-global-color-4)","background-image":"","background-repeat":"repeat","background-position":"center center","background-size":"auto","background-attachment":"scroll","background-type":"","background-media":"","overlay-type":"","overlay-color":"","overlay-opacity":"","overlay-gradient":""},"tablet":{"background-color":"","background-image":"","background-repeat":"repeat","background-position":"center center","background-size":"auto","background-attachment":"scroll","background-type":"","background-media":"","overlay-type":"","overlay-color":"","overlay-opacity":"","overlay-gradient":""},"mobile":{"background-color":"","background-image":"","background-repeat":"repeat","background-position":"center center","background-size":"auto","background-attachment":"scroll","background-type":"","background-media":"","overlay-type":"","overlay-color":"","overlay-opacity":"","overlay-gradient":""}},"ast-content-background-meta":{"desktop":{"background-color":"var(--ast-global-color-5)","background-image":"","background-repeat":"repeat","background-position":"center center","background-size":"auto","background-attachment":"scroll","background-type":"","background-media":"","overlay-type":"","overlay-color":"","overlay-opacity":"","overlay-gradient":""},"tablet":{"background-color":"var(--ast-global-color-5)","background-image":"","background-repeat":"repeat","background-position":"center center","background-size":"auto","background-attachment":"scroll","background-type":"","background-media":"","overlay-type":"","overlay-color":"","overlay-opacity":"","overlay-gradient":""},"mobile":{"background-color":"var(--ast-global-color-5)","background-image":"","background-repeat":"repeat","background-position":"center center","background-size":"auto","background-attachment":"scroll","background-type":"","background-media":"","overlay-type":"","overlay-color":"","overlay-opacity":"","overlay-gradient":""}},"footnotes":""},"class_list":["post-2072","page","type-page","status-publish","hentry"],"yoast_head":"<!-- This site is optimized with the Yoast SEO plugin v25.1 - https:\/\/yoast.com\/wordpress\/plugins\/seo\/ -->\n<title>Contacto - Nen<\/title>\n<meta name=\"description\" content=\"Evidence based health designed for children\u2019s minds to improve their lives\" \/>\n<meta name=\"robots\" content=\"index, follow, max-snippet:-1, max-image-preview:large, max-video-preview:-1\" \/>\n<link rel=\"canonical\" href=\"https:\/\/nen.health\/es\/contacto\/\" \/>\n<meta property=\"og:locale\" content=\"es_ES\" \/>\n<meta property=\"og:type\" content=\"article\" \/>\n<meta property=\"og:title\" content=\"Evidence based health designed for children\u2019s minds to improve their lives\" \/>\n<meta property=\"og:description\" content=\"Evidence based health designed for children\u2019s minds to improve their lives\" \/>\n<meta property=\"og:url\" content=\"https:\/\/nen.health\/es\/contacto\/\" \/>\n<meta property=\"og:site_name\" content=\"Nen\" \/>\n<meta property=\"article:modified_time\" content=\"2024-01-19T09:40:56+00:00\" \/>\n<meta property=\"og:image\" content=\"https:\/\/nen.health\/wp-content\/uploads\/2022\/03\/Nen_Logo.jpg\" \/>\n\t<meta property=\"og:image:width\" content=\"2501\" \/>\n\t<meta property=\"og:image:height\" content=\"1307\" \/>\n\t<meta property=\"og:image:type\" content=\"image\/jpeg\" \/>\n<meta name=\"twitter:card\" content=\"summary_large_image\" \/>\n<meta name=\"twitter:title\" content=\"Nen\" \/>\n<meta name=\"twitter:description\" content=\"Evidence based health designed for children\u2019s minds to improve their lives\" \/>\n<meta name=\"twitter:image\" content=\"https:\/\/nen.health\/wp-content\/uploads\/2022\/03\/Nen_Logo.jpg\" \/>\n<meta name=\"twitter:label1\" content=\"Tiempo de lectura\" \/>\n\t<meta name=\"twitter:data1\" content=\"1 minuto\" \/>\n<script type=\"application\/ld+json\" class=\"yoast-schema-graph\">{\"@context\":\"https:\/\/schema.org\",\"@graph\":[{\"@type\":\"WebPage\",\"@id\":\"https:\/\/nen.health\/es\/contacto\/\",\"url\":\"https:\/\/nen.health\/es\/contacto\/\",\"name\":\"Contacto - Nen\",\"isPartOf\":{\"@id\":\"http:\/\/nen.health\/#website\"},\"primaryImageOfPage\":{\"@id\":\"https:\/\/nen.health\/es\/contacto\/#primaryimage\"},\"image\":{\"@id\":\"https:\/\/nen.health\/es\/contacto\/#primaryimage\"},\"thumbnailUrl\":\"https:\/\/nen.health\/wp-content\/uploads\/2024\/01\/nube-1.png\",\"datePublished\":\"2024-01-02T11:50:16+00:00\",\"dateModified\":\"2024-01-19T09:40:56+00:00\",\"description\":\"Evidence based health designed for children\u2019s minds to improve their lives\",\"breadcrumb\":{\"@id\":\"https:\/\/nen.health\/es\/contacto\/#breadcrumb\"},\"inLanguage\":\"es\",\"potentialAction\":[{\"@type\":\"ReadAction\",\"target\":[\"https:\/\/nen.health\/es\/contacto\/\"]}]},{\"@type\":\"ImageObject\",\"inLanguage\":\"es\",\"@id\":\"https:\/\/nen.health\/es\/contacto\/#primaryimage\",\"url\":\"https:\/\/nen.health\/wp-content\/uploads\/2024\/01\/nube-1.png\",\"contentUrl\":\"https:\/\/nen.health\/wp-content\/uploads\/2024\/01\/nube-1.png\"},{\"@type\":\"BreadcrumbList\",\"@id\":\"https:\/\/nen.health\/es\/contacto\/#breadcrumb\",\"itemListElement\":[{\"@type\":\"ListItem\",\"position\":1,\"name\":\"Home\",\"item\":\"https:\/\/nen.health\/es\/\"},{\"@type\":\"ListItem\",\"position\":2,\"name\":\"Contacto\"}]},{\"@type\":\"WebSite\",\"@id\":\"http:\/\/nen.health\/#website\",\"url\":\"http:\/\/nen.health\/\",\"name\":\"Nen\",\"description\":\"\",\"potentialAction\":[{\"@type\":\"SearchAction\",\"target\":{\"@type\":\"EntryPoint\",\"urlTemplate\":\"http:\/\/nen.health\/?s={search_term_string}\"},\"query-input\":{\"@type\":\"PropertyValueSpecification\",\"valueRequired\":true,\"valueName\":\"search_term_string\"}}],\"inLanguage\":\"es\"}]}<\/script>\n<!-- \/ Yoast SEO plugin. -->","yoast_head_json":{"title":"Contacto - Nen","description":"Evidence based health designed for children\u2019s minds to improve their lives","robots":{"index":"index","follow":"follow","max-snippet":"max-snippet:-1","max-image-preview":"max-image-preview:large","max-video-preview":"max-video-preview:-1"},"canonical":"https:\/\/nen.health\/es\/contacto\/","og_locale":"es_ES","og_type":"article","og_title":"Evidence based health designed for children\u2019s minds to improve their lives","og_description":"Evidence based health designed for children\u2019s minds to improve their lives","og_url":"https:\/\/nen.health\/es\/contacto\/","og_site_name":"Nen","article_modified_time":"2024-01-19T09:40:56+00:00","og_image":[{"width":2501,"height":1307,"url":"https:\/\/nen.health\/wp-content\/uploads\/2022\/03\/Nen_Logo.jpg","type":"image\/jpeg"}],"twitter_card":"summary_large_image","twitter_title":"Nen","twitter_description":"Evidence based health designed for children\u2019s minds to improve their lives","twitter_image":"https:\/\/nen.health\/wp-content\/uploads\/2022\/03\/Nen_Logo.jpg","twitter_misc":{"Tiempo de lectura":"1 minuto"},"schema":{"@context":"https:\/\/schema.org","@graph":[{"@type":"WebPage","@id":"https:\/\/nen.health\/es\/contacto\/","url":"https:\/\/nen.health\/es\/contacto\/","name":"Contacto - Nen","isPartOf":{"@id":"http:\/\/nen.health\/#website"},"primaryImageOfPage":{"@id":"https:\/\/nen.health\/es\/contacto\/#primaryimage"},"image":{"@id":"https:\/\/nen.health\/es\/contacto\/#primaryimage"},"thumbnailUrl":"https:\/\/nen.health\/wp-content\/uploads\/2024\/01\/nube-1.png","datePublished":"2024-01-02T11:50:16+00:00","dateModified":"2024-01-19T09:40:56+00:00","description":"Evidence based health designed for children\u2019s minds to improve their lives","breadcrumb":{"@id":"https:\/\/nen.health\/es\/contacto\/#breadcrumb"},"inLanguage":"es","potentialAction":[{"@type":"ReadAction","target":["https:\/\/nen.health\/es\/contacto\/"]}]},{"@type":"ImageObject","inLanguage":"es","@id":"https:\/\/nen.health\/es\/contacto\/#primaryimage","url":"https:\/\/nen.health\/wp-content\/uploads\/2024\/01\/nube-1.png","contentUrl":"https:\/\/nen.health\/wp-content\/uploads\/2024\/01\/nube-1.png"},{"@type":"BreadcrumbList","@id":"https:\/\/nen.health\/es\/contacto\/#breadcrumb","itemListElement":[{"@type":"ListItem","position":1,"name":"Home","item":"https:\/\/nen.health\/es\/"},{"@type":"ListItem","position":2,"name":"Contacto"}]},{"@type":"WebSite","@id":"http:\/\/nen.health\/#website","url":"http:\/\/nen.health\/","name":"Nen","description":"","potentialAction":[{"@type":"SearchAction","target":{"@type":"EntryPoint","urlTemplate":"http:\/\/nen.health\/?s={search_term_string}"},"query-input":{"@type":"PropertyValueSpecification","valueRequired":true,"valueName":"search_term_string"}}],"inLanguage":"es"}]}},"_links":{"self":[{"href":"https:\/\/nen.health\/es\/wp-json\/wp\/v2\/pages\/2072","targetHints":{"allow":["GET"]}}],"collection":[{"href":"https:\/\/nen.health\/es\/wp-json\/wp\/v2\/pages"}],"about":[{"href":"https:\/\/nen.health\/es\/wp-json\/wp\/v2\/types\/page"}],"author":[{"embeddable":true,"href":"https:\/\/nen.health\/es\/wp-json\/wp\/v2\/users\/2"}],"replies":[{"embeddable":true,"href":"https:\/\/nen.health\/es\/wp-json\/wp\/v2\/comments?post=2072"}],"version-history":[{"count":5,"href":"https:\/\/nen.health\/es\/wp-json\/wp\/v2\/pages\/2072\/revisions"}],"predecessor-version":[{"id":2451,"href":"https:\/\/nen.health\/es\/wp-json\/wp\/v2\/pages\/2072\/revisions\/2451"}],"wp:attachment":[{"href":"https:\/\/nen.health\/es\/wp-json\/wp\/v2\/media?parent=2072"}],"curies":[{"name":"wp","href":"https:\/\/api.w.org\/{rel}","templated":true}]}}